{"id":591,"date":"2022-05-30T07:41:54","date_gmt":"2022-05-30T07:41:54","guid":{"rendered":"https:\/\/doberpek.si\/?page_id=591"},"modified":"2022-06-09T12:03:21","modified_gmt":"2022-06-09T12:03:21","slug":"sadje","status":"publish","type":"page","link":"https:\/\/doberpek.si\/index.php\/sadje\/","title":{"rendered":"SADJE"},"content":{"rendered":"\t\t<div data-elementor-type=\"wp-page\" data-elementor-id=\"591\" class=\"elementor elementor-591\">\n\t\t\t\t\t\t\t\t\t<section class=\"elementor-section elementor-top-section elementor-element elementor-element-822bd48 elementor-section-boxed elementor-section-height-default elementor-section-height-default\" data-id=\"822bd48\" data-element_type=\"section\">\n\t\t\t\t\t\t<div class=\"elementor-container elementor-column-gap-default\">\n\t\t\t\t\t<div class=\"elementor-column elementor-col-100 elementor-top-column elementor-element elementor-element-fa17e80\" data-id=\"fa17e80\" data-element_type=\"column\">\n\t\t\t<div class=\"elementor-widget-wrap elementor-element-populated\">\n\t\t\t\t\t\t\t\t<div class=\"elementor-element elementor-element-c6cacf1 elementor-widget elementor-widget-text-editor\" data-id=\"c6cacf1\" data-element_type=\"widget\" data-widget_type=\"text-editor.default\">\n\t\t\t\t<div class=\"elementor-widget-container\">\n\t\t\t<style>\/*! elementor - v3.6.6 - 08-06-2022 *\/\n.elementor-widget-text-editor.elementor-drop-cap-view-stacked .elementor-drop-cap{background-color:#818a91;color:#fff}.elementor-widget-text-editor.elementor-drop-cap-view-framed .elementor-drop-cap{color:#818a91;border:3px solid;background-color:transparent}.elementor-widget-text-editor:not(.elementor-drop-cap-view-default) .elementor-drop-cap{margin-top:8px}.elementor-widget-text-editor:not(.elementor-drop-cap-view-default) .elementor-drop-cap-letter{width:1em;height:1em}.elementor-widget-text-editor .elementor-drop-cap{float:left;text-align:center;line-height:1;font-size:50px}.elementor-widget-text-editor .elementor-drop-cap-letter{display:inline-block}<\/style>\t\t\t\t<h1><em>Na\u0161a ponudba odli\u010dnega in sve\u017eega sadja:<\/em><\/h1>\t\t\t\t\t\t<\/div>\n\t\t\t\t<\/div>\n\t\t\t\t\t<\/div>\n\t\t<\/div>\n\t\t\t\t\t\t\t<\/div>\n\t\t<\/section>\n\t\t\t\t<section class=\"elementor-section elementor-top-section elementor-element elementor-element-5ef0c04 elementor-section-boxed elementor-section-height-default elementor-section-height-default\" data-id=\"5ef0c04\" data-element_type=\"section\">\n\t\t\t\t\t\t<div class=\"elementor-container elementor-column-gap-default\">\n\t\t\t\t\t<div class=\"elementor-column elementor-col-33 elementor-top-column elementor-element elementor-element-1d9f337\" data-id=\"1d9f337\" data-element_type=\"column\">\n\t\t\t<div class=\"elementor-widget-wrap\">\n\t\t\t\t\t\t\t\t\t<\/div>\n\t\t<\/div>\n\t\t\t\t<div class=\"elementor-column elementor-col-33 elementor-top-column elementor-element elementor-element-16f0dea\" data-id=\"16f0dea\" data-element_type=\"column\">\n\t\t\t<div class=\"elementor-widget-wrap elementor-element-populated\">\n\t\t\t\t\t\t\t\t<div class=\"elementor-element elementor-element-a5f3403 elementor-widget elementor-widget-image\" data-id=\"a5f3403\" data-element_type=\"widget\" data-widget_type=\"image.default\">\n\t\t\t\t<div class=\"elementor-widget-container\">\n\t\t\t<style>\/*! elementor - v3.6.6 - 08-06-2022 *\/\n.elementor-widget-image{text-align:center}.elementor-widget-image a{display:inline-block}.elementor-widget-image a img[src$=\".svg\"]{width:48px}.elementor-widget-image img{vertical-align:middle;display:inline-block}<\/style>\t\t\t\t\t\t\t\t\t<figure class=\"wp-caption\">\n\t\t\t\t\t\t\t\t\t\t\t<a href=\"https:\/\/doberpek.si\/wp-content\/uploads\/2022\/05\/DSC_5503-scaled.jpg\" data-elementor-open-lightbox=\"yes\" e-action-hash=\"#elementor-action%3Aaction%3Dlightbox%26settings%3DeyJpZCI6MTUzLCJ1cmwiOiJodHRwczpcL1wvZG9iZXJwZWsuc2lcL3dwLWNvbnRlbnRcL3VwbG9hZHNcLzIwMjJcLzA1XC9EU0NfNTUwMy1zY2FsZWQuanBnIn0%3D\">\n\t\t\t\t\t\t\t<img loading=\"lazy\" decoding=\"async\" width=\"1024\" height=\"819\" src=\"https:\/\/doberpek.si\/wp-content\/uploads\/2022\/05\/DSC_5503-1024x819.jpg\" class=\"attachment-large size-large\" alt=\"\" srcset=\"https:\/\/doberpek.si\/wp-content\/uploads\/2022\/05\/DSC_5503-1024x819.jpg 1024w, https:\/\/doberpek.si\/wp-content\/uploads\/2022\/05\/DSC_5503-300x240.jpg 300w, https:\/\/doberpek.si\/wp-content\/uploads\/2022\/05\/DSC_5503-768x614.jpg 768w, https:\/\/doberpek.si\/wp-content\/uploads\/2022\/05\/DSC_5503-1536x1229.jpg 1536w, https:\/\/doberpek.si\/wp-content\/uploads\/2022\/05\/DSC_5503-2048x1638.jpg 2048w\" sizes=\"auto, (max-width: 1024px) 100vw, 1024px\" \/>\t\t\t\t\t\t\t\t<\/a>\n\t\t\t\t\t\t\t\t\t\t\t<figcaption class=\"widget-image-caption wp-caption-text\">SADNA SOLATA<\/figcaption>\n\t\t\t\t\t\t\t\t\t\t<\/figure>\n\t\t\t\t\t\t\t\t\t<\/div>\n\t\t\t\t<\/div>\n\t\t\t\t\t<\/div>\n\t\t<\/div>\n\t\t\t\t<div class=\"elementor-column elementor-col-33 elementor-top-column elementor-element elementor-element-194aec2\" data-id=\"194aec2\" data-element_type=\"column\">\n\t\t\t<div class=\"elementor-widget-wrap\">\n\t\t\t\t\t\t\t\t\t<\/div>\n\t\t<\/div>\n\t\t\t\t\t\t\t<\/div>\n\t\t<\/section>\n\t\t\t\t\t\t\t<\/div>\n\t\t","protected":false},"excerpt":{"rendered":"<p>Na\u0161a ponudba odli\u010dnega in sve\u017eega sadja: SADNA SOLATA<\/p>\n","protected":false},"author":1,"featured_media":0,"parent":0,"menu_order":0,"comment_status":"closed","ping_status":"closed","template":"","meta":{"spay_email":"","footnotes":""},"class_list":["post-591","page","type-page","status-publish","hentry"],"yoast_head":"<!-- This site is optimized with the Yoast SEO plugin v19.0 - https:\/\/yoast.com\/wordpress\/plugins\/seo\/ -->\n<title>SADJE - Dober Pek<\/title>\n<meta name=\"robots\" content=\"index, follow, max-snippet:-1, max-image-preview:large, max-video-preview:-1\" \/>\n<link rel=\"canonical\" href=\"https:\/\/doberpek.si\/index.php\/sadje\/\" \/>\n<meta property=\"og:locale\" content=\"sl_SI\" \/>\n<meta property=\"og:type\" content=\"article\" \/>\n<meta property=\"og:title\" content=\"SADJE - Dober Pek\" \/>\n<meta property=\"og:description\" content=\"Na\u0161a ponudba odli\u010dnega in sve\u017eega sadja: SADNA SOLATA\" \/>\n<meta property=\"og:url\" content=\"https:\/\/doberpek.si\/index.php\/sadje\/\" \/>\n<meta property=\"og:site_name\" content=\"Dober Pek\" \/>\n<meta property=\"article:modified_time\" content=\"2022-06-09T12:03:21+00:00\" \/>\n<meta property=\"og:image\" content=\"https:\/\/doberpek.si\/wp-content\/uploads\/2022\/05\/DSC_5503-1024x819.jpg\" \/>\n<meta name=\"twitter:card\" content=\"summary_large_image\" \/>\n<meta name=\"twitter:label1\" content=\"Est. reading time\" \/>\n\t<meta name=\"twitter:data1\" content=\"1 minuta\" \/>\n<script type=\"application\/ld+json\" class=\"yoast-schema-graph\">{\"@context\":\"https:\/\/schema.org\",\"@graph\":[{\"@type\":\"WebSite\",\"@id\":\"https:\/\/doberpek.si\/#website\",\"url\":\"https:\/\/doberpek.si\/\",\"name\":\"Dober Pek\",\"description\":\"\",\"potentialAction\":[{\"@type\":\"SearchAction\",\"target\":{\"@type\":\"EntryPoint\",\"urlTemplate\":\"https:\/\/doberpek.si\/?s={search_term_string}\"},\"query-input\":\"required name=search_term_string\"}],\"inLanguage\":\"sl-SI\"},{\"@type\":\"ImageObject\",\"inLanguage\":\"sl-SI\",\"@id\":\"https:\/\/doberpek.si\/index.php\/sadje\/#primaryimage\",\"url\":\"https:\/\/doberpek.si\/wp-content\/uploads\/2022\/05\/DSC_5503-scaled.jpg\",\"contentUrl\":\"https:\/\/doberpek.si\/wp-content\/uploads\/2022\/05\/DSC_5503-scaled.jpg\",\"width\":2560,\"height\":2048},{\"@type\":\"WebPage\",\"@id\":\"https:\/\/doberpek.si\/index.php\/sadje\/#webpage\",\"url\":\"https:\/\/doberpek.si\/index.php\/sadje\/\",\"name\":\"SADJE - Dober Pek\",\"isPartOf\":{\"@id\":\"https:\/\/doberpek.si\/#website\"},\"primaryImageOfPage\":{\"@id\":\"https:\/\/doberpek.si\/index.php\/sadje\/#primaryimage\"},\"datePublished\":\"2022-05-30T07:41:54+00:00\",\"dateModified\":\"2022-06-09T12:03:21+00:00\",\"breadcrumb\":{\"@id\":\"https:\/\/doberpek.si\/index.php\/sadje\/#breadcrumb\"},\"inLanguage\":\"sl-SI\",\"potentialAction\":[{\"@type\":\"ReadAction\",\"target\":[\"https:\/\/doberpek.si\/index.php\/sadje\/\"]}]},{\"@type\":\"BreadcrumbList\",\"@id\":\"https:\/\/doberpek.si\/index.php\/sadje\/#breadcrumb\",\"itemListElement\":[{\"@type\":\"ListItem\",\"position\":1,\"name\":\"Home\",\"item\":\"https:\/\/doberpek.si\/\"},{\"@type\":\"ListItem\",\"position\":2,\"name\":\"SADJE\"}]}]}<\/script>\n<!-- \/ Yoast SEO plugin. -->","yoast_head_json":{"title":"SADJE - Dober Pek","robots":{"index":"index","follow":"follow","max-snippet":"max-snippet:-1","max-image-preview":"max-image-preview:large","max-video-preview":"max-video-preview:-1"},"canonical":"https:\/\/doberpek.si\/index.php\/sadje\/","og_locale":"sl_SI","og_type":"article","og_title":"SADJE - Dober Pek","og_description":"Na\u0161a ponudba odli\u010dnega in sve\u017eega sadja: SADNA SOLATA","og_url":"https:\/\/doberpek.si\/index.php\/sadje\/","og_site_name":"Dober Pek","article_modified_time":"2022-06-09T12:03:21+00:00","og_image":[{"url":"https:\/\/doberpek.si\/wp-content\/uploads\/2022\/05\/DSC_5503-1024x819.jpg"}],"twitter_card":"summary_large_image","twitter_misc":{"Est. reading time":"1 minuta"},"schema":{"@context":"https:\/\/schema.org","@graph":[{"@type":"WebSite","@id":"https:\/\/doberpek.si\/#website","url":"https:\/\/doberpek.si\/","name":"Dober Pek","description":"","potentialAction":[{"@type":"SearchAction","target":{"@type":"EntryPoint","urlTemplate":"https:\/\/doberpek.si\/?s={search_term_string}"},"query-input":"required name=search_term_string"}],"inLanguage":"sl-SI"},{"@type":"ImageObject","inLanguage":"sl-SI","@id":"https:\/\/doberpek.si\/index.php\/sadje\/#primaryimage","url":"https:\/\/doberpek.si\/wp-content\/uploads\/2022\/05\/DSC_5503-scaled.jpg","contentUrl":"https:\/\/doberpek.si\/wp-content\/uploads\/2022\/05\/DSC_5503-scaled.jpg","width":2560,"height":2048},{"@type":"WebPage","@id":"https:\/\/doberpek.si\/index.php\/sadje\/#webpage","url":"https:\/\/doberpek.si\/index.php\/sadje\/","name":"SADJE - Dober Pek","isPartOf":{"@id":"https:\/\/doberpek.si\/#website"},"primaryImageOfPage":{"@id":"https:\/\/doberpek.si\/index.php\/sadje\/#primaryimage"},"datePublished":"2022-05-30T07:41:54+00:00","dateModified":"2022-06-09T12:03:21+00:00","breadcrumb":{"@id":"https:\/\/doberpek.si\/index.php\/sadje\/#breadcrumb"},"inLanguage":"sl-SI","potentialAction":[{"@type":"ReadAction","target":["https:\/\/doberpek.si\/index.php\/sadje\/"]}]},{"@type":"BreadcrumbList","@id":"https:\/\/doberpek.si\/index.php\/sadje\/#breadcrumb","itemListElement":[{"@type":"ListItem","position":1,"name":"Home","item":"https:\/\/doberpek.si\/"},{"@type":"ListItem","position":2,"name":"SADJE"}]}]}},"_links":{"self":[{"href":"https:\/\/doberpek.si\/index.php\/wp-json\/wp\/v2\/pages\/591","targetHints":{"allow":["GET"]}}],"collection":[{"href":"https:\/\/doberpek.si\/index.php\/wp-json\/wp\/v2\/pages"}],"about":[{"href":"https:\/\/doberpek.si\/index.php\/wp-json\/wp\/v2\/types\/page"}],"author":[{"embeddable":true,"href":"https:\/\/doberpek.si\/index.php\/wp-json\/wp\/v2\/users\/1"}],"replies":[{"embeddable":true,"href":"https:\/\/doberpek.si\/index.php\/wp-json\/wp\/v2\/comments?post=591"}],"version-history":[{"count":13,"href":"https:\/\/doberpek.si\/index.php\/wp-json\/wp\/v2\/pages\/591\/revisions"}],"predecessor-version":[{"id":1199,"href":"https:\/\/doberpek.si\/index.php\/wp-json\/wp\/v2\/pages\/591\/revisions\/1199"}],"wp:attachment":[{"href":"https:\/\/doberpek.si\/index.php\/wp-json\/wp\/v2\/media?parent=591"}],"curies":[{"name":"wp","href":"https:\/\/api.w.org\/{rel}","templated":true}]}}